{"id":691,"date":"2025-07-03T09:05:43","date_gmt":"2025-07-03T09:05:43","guid":{"rendered":"https:\/\/app.hatortxurock.eus\/como-llegar-a-lakuntza\/"},"modified":"2025-07-23T15:04:59","modified_gmt":"2025-07-23T15:04:59","slug":"como-llegar-a-lakuntza","status":"publish","type":"page","link":"https:\/\/app.hatortxurock.eus\/es\/como-llegar-a-lakuntza\/","title":{"rendered":"Como llegar a Lakuntza"},"content":{"rendered":"<p>El festival Hatortxu Rock se celebrar\u00e1 en el pueblo de Lakuntza, situado en el valle de la Sakana en Navarra.<\/p>\n<p>Aqu\u00ed tienes una gu\u00eda de transporte que te permitir\u00e1 llegar, sin dificultades, desde una ciudad o pueblo alejado de Lakuntza.<\/p>\n","protected":false},"excerpt":{"rendered":"<p>El festival Hatortxu Rock se celebrar\u00e1 en el pueblo de Lakuntza, situado en el valle de la Sakana en Navarra. Aqu\u00ed tienes una gu\u00eda de transporte que te permitir\u00e1 llegar, sin dificultades, desde una ciudad o pueblo alejado de Lakuntza.<\/p>\n","protected":false},"author":1,"featured_media":716,"parent":0,"menu_order":10,"comment_status":"closed","ping_status":"closed","template":"","meta":{"_acf_changed":false,"footnotes":""},"class_list":["post-691","page","type-page","status-publish","has-post-thumbnail","hentry","entry"],"acf":[],"_links":{"self":[{"href":"https:\/\/app.hatortxurock.eus\/es\/wp-json\/wp\/v2\/pages\/691","targetHints":{"allow":["GET"]}}],"collection":[{"href":"https:\/\/app.hatortxurock.eus\/es\/wp-json\/wp\/v2\/pages"}],"about":[{"href":"https:\/\/app.hatortxurock.eus\/es\/wp-json\/wp\/v2\/types\/page"}],"author":[{"embeddable":true,"href":"https:\/\/app.hatortxurock.eus\/es\/wp-json\/wp\/v2\/users\/1"}],"replies":[{"embeddable":true,"href":"https:\/\/app.hatortxurock.eus\/es\/wp-json\/wp\/v2\/comments?post=691"}],"version-history":[{"count":1,"href":"https:\/\/app.hatortxurock.eus\/es\/wp-json\/wp\/v2\/pages\/691\/revisions"}],"predecessor-version":[{"id":717,"href":"https:\/\/app.hatortxurock.eus\/es\/wp-json\/wp\/v2\/pages\/691\/revisions\/717"}],"wp:featuredmedia":[{"embeddable":true,"href":"https:\/\/app.hatortxurock.eus\/es\/wp-json\/wp\/v2\/media\/716"}],"wp:attachment":[{"href":"https:\/\/app.hatortxurock.eus\/es\/wp-json\/wp\/v2\/media?parent=691"}],"curies":[{"name":"wp","href":"https:\/\/api.w.org\/{rel}","templated":true}]}}